{"id":15209,"date":"2026-03-27T09:28:11","date_gmt":"2026-03-27T08:28:11","guid":{"rendered":"https:\/\/grill-master.shop\/gree\/produkt\/grill-ogrodowy-weglowy\/"},"modified":"2026-03-27T09:28:11","modified_gmt":"2026-03-27T08:28:11","slug":"grill-ogrodowy-weglowy","status":"publish","type":"product","link":"https:\/\/24gardenbox.shop\/grill\/produkt\/grill-ogrodowy-weglowy\/","title":{"rendered":"Grill ogrodowy w\u0119glowy"},"content":{"rendered":"<div style=\"font-family: Arial, sans-serif; line-height: 1.6; color: #333; padding: 20px; clear: both; display: block; width: 100%; float: none; position: static; overflow: hidden;\">\n<div style=\"clear: both; display: block; margin: 10px 0;\">\n<div style=\"clear: both; display: block; margin: 10px 0;\">\n<div style=\"clear: both; display: block; margin: 10px 0;\">\n<h3 style=\"color: #2c5aa0; font-size: 18px; margin: 30px 0 15px 0; font-weight: bold; clear: both; display: block; width: 100%; float: none; position: static;\">Grill ogrodowy prostok\u0105tny, przeno\u015bny<\/h3>\n<p style=\"margin: 15px 0; line-height: 1.8; clear: both; display: block; width: 100%; float: none; position: static;\">Solidnie wykonany grill ogrodowy z pokryw\u0105 i dodatkow\u0105 wk\u0142adk\u0105 z metalu<\/p>\n<\/div>\n<\/div>\n<div style=\"clear: both; display: block; margin: 10px 0;\">\n<div style=\"clear: both; display: block; margin: 10px 0;\">\n<div  style=\"max-width:433px;max-height:577px\">\n<div style=\"clear: both; display: block; margin: 10px 0;\">\n<div style=\"clear: both; width: 100%; display: block; margin: 20px 0; padding: 0; float: none; position: static; text-align: center;\"><img decoding=\"async\"  src=\"https:\/\/a.allegroimg.com\/original\/11f463\/ef477dd54caa912e6b6bdb990c88\/Grill-ogrodowy-weglowy-Szerokosc-grilla-70-cm\" srcset=\"https:\/\/a.allegroimg.com\/original\/11f463\/ef477dd54caa912e6b6bdb990c88\/Grill-ogrodowy-weglowy-Szerokosc-grilla-70-cm 270w,https:\/\/a.allegroimg.com\/original\/11f463\/ef477dd54caa912e6b6bdb990c88\/Grill-ogrodowy-weglowy-Szerokosc-grilla-70-cm 433w,https:\/\/a.allegroimg.com\/original\/11f463\/ef477dd54caa912e6b6bdb990c88\/Grill-ogrodowy-weglowy-Szerokosc-grilla-70-cm 433w\" sizes=\"(min-width: 1200px) 560px, (min-width: 992px) 50vw, 100vw\" width=\"433px\" alt=\"Grill ogrodowy w\u0119glowy Szeroko\u015b\u0107 grilla 70 cm\" style=\"max-width: 100%; height: auto; display: block; margin: 0 auto;\"><\/div>\n<\/div>\n<\/div>\n<\/div>\n<\/div>\n<\/div>\n<div style=\"clear: both; display: block; margin: 10px 0;\">\n<div style=\"clear: both; display: block; margin: 10px 0;\">\n<div style=\"clear: both; display: block; margin: 10px 0;\">\n<div  style=\"max-width:433px;max-height:577px\">\n<div style=\"clear: both; display: block; margin: 10px 0;\">\n<div style=\"clear: both; width: 100%; display: block; margin: 20px 0; padding: 0; float: none; position: static; text-align: center;\"><img decoding=\"async\"  src=\"https:\/\/a.allegroimg.com\/original\/116a02\/b1c9f48741cc83a54b4323e8fcbd\/Grill-ogrodowy-weglowy-Kod-producenta-6040\" srcset=\"https:\/\/a.allegroimg.com\/original\/116a02\/b1c9f48741cc83a54b4323e8fcbd\/Grill-ogrodowy-weglowy-Kod-producenta-6040 270w,https:\/\/a.allegroimg.com\/original\/116a02\/b1c9f48741cc83a54b4323e8fcbd\/Grill-ogrodowy-weglowy-Kod-producenta-6040 433w,https:\/\/a.allegroimg.com\/original\/116a02\/b1c9f48741cc83a54b4323e8fcbd\/Grill-ogrodowy-weglowy-Kod-producenta-6040 433w\" sizes=\"(min-width: 1200px) 560px, (min-width: 992px) 50vw, 100vw\" width=\"433px\" alt=\"Grill ogrodowy w\u0119glowy Kod producenta 6040\" style=\"max-width: 100%; height: auto; display: block; margin: 0 auto;\"><\/div>\n<\/div>\n<\/div>\n<\/div>\n<\/div>\n<div style=\"clear: both; display: block; margin: 10px 0;\">\n<div style=\"clear: both; display: block; margin: 10px 0;\">\n<div  style=\"max-width:433px;max-height:577px\">\n<div style=\"clear: both; display: block; margin: 10px 0;\">\n<div style=\"clear: both; width: 100%; display: block; margin: 20px 0; padding: 0; float: none; position: static; text-align: center;\"><img decoding=\"async\"  src=\"https:\/\/a.allegroimg.com\/original\/113977\/30e384364af1a7f02c2158092878\/Grill-ogrodowy-weglowy\" srcset=\"https:\/\/a.allegroimg.com\/original\/113977\/30e384364af1a7f02c2158092878\/Grill-ogrodowy-weglowy 270w,https:\/\/a.allegroimg.com\/original\/113977\/30e384364af1a7f02c2158092878\/Grill-ogrodowy-weglowy 433w,https:\/\/a.allegroimg.com\/original\/113977\/30e384364af1a7f02c2158092878\/Grill-ogrodowy-weglowy 433w\" sizes=\"(min-width: 1200px) 560px, (min-width: 992px) 50vw, 100vw\" width=\"433px\" alt=\"Grill ogrodowy w\u0119glowy\" style=\"max-width: 100%; height: auto; display: block; margin: 0 auto;\"><\/div>\n<\/div>\n<\/div>\n<\/div>\n<\/div>\n<\/div>\n<div style=\"clear: both; display: block; margin: 10px 0;\">\n<div style=\"clear: both; display: block; margin: 10px 0;\">\n<div style=\"clear: both; display: block; margin: 10px 0;\">\n<h3 style=\"color: #2c5aa0; font-size: 18px; margin: 30px 0 15px 0; font-weight: bold; clear: both; display: block; width: 100%; float: none; position: static;\">Charakterystyka produktu:<\/h3>\n<ul style=\"margin: 15px 0; padding-left: 20px; clear: both; display: block; width: 100%; float: none; position: static;\">\n<li style=\"margin: 5px 0; padding: 2px 0; clear: both; display: list-item; float: none; position: static;\">Wykonany z wysokiej jako\u015bci blachy o grubo\u015bci 1,5mm<\/li>\n<li style=\"margin: 5px 0; padding: 2px 0; clear: both; display: list-item; float: none; position: static;\">Wk\u0142adka w palenisku zapewniaj\u0105ca izolacj\u0119 w\u0119gla drzewnego od lakierowanej powierzchni<\/li>\n<li style=\"margin: 5px 0; padding: 2px 0; clear: both; display: list-item; float: none; position: static;\">Pomalowany farb\u0105 \u017caroodporn\u0105 do 600 stopni<\/li>\n<li style=\"margin: 5px 0; padding: 2px 0; clear: both; display: list-item; float: none; position: static;\">Ruszt chromowany wykonany z drutu Fi6 &#8211; czterostopniowa regulacja wysoko\u015bci<\/li>\n<li style=\"margin: 5px 0; padding: 2px 0; clear: both; display: list-item; float: none; position: static;\">P\u00f3\u0142ka umieszczona w dolnej cz\u0119\u015bci grilla zapewnia miejsce do przechowywania akcesori\u00f3w<\/li>\n<li style=\"margin: 5px 0; padding: 2px 0; clear: both; display: list-item; float: none; position: static;\">R\u0119koje\u015b\u0107 siatki wykonana z drewna<\/li>\n<\/ul>\n<\/div>\n<\/div>\n<\/div>\n<div style=\"clear: both; display: block; margin: 10px 0;\">\n<div style=\"clear: both; display: block; margin: 10px 0;\">\n<div style=\"clear: both; display: block; margin: 10px 0;\">\n<div  style=\"max-width:433px;max-height:577px\">\n<div style=\"clear: both; display: block; margin: 10px 0;\">\n<div style=\"clear: both; width: 100%; display: block; margin: 20px 0; padding: 0; float: none; position: static; text-align: center;\"><img decoding=\"async\"  src=\"https:\/\/a.allegroimg.com\/original\/118676\/1f27d88b40408a410b204ae3c6a8\/Grill-ogrodowy-weglowy-Producent-nieznany-producent\" srcset=\"https:\/\/a.allegroimg.com\/original\/118676\/1f27d88b40408a410b204ae3c6a8\/Grill-ogrodowy-weglowy-Producent-nieznany-producent 270w,https:\/\/a.allegroimg.com\/original\/118676\/1f27d88b40408a410b204ae3c6a8\/Grill-ogrodowy-weglowy-Producent-nieznany-producent 433w,https:\/\/a.allegroimg.com\/original\/118676\/1f27d88b40408a410b204ae3c6a8\/Grill-ogrodowy-weglowy-Producent-nieznany-producent 433w\" sizes=\"(min-width: 1200px) 560px, (min-width: 992px) 50vw, 100vw\" width=\"433px\" alt=\"Grill ogrodowy w\u0119glowy Producent nieznany producent\" style=\"max-width: 100%; height: auto; display: block; margin: 0 auto;\"><\/div>\n<\/div>\n<\/div>\n<\/div>\n<\/div>\n<div style=\"clear: both; display: block; margin: 10px 0;\">\n<div style=\"clear: both; display: block; margin: 10px 0;\">\n<h3 style=\"color: #2c5aa0; font-size: 18px; margin: 30px 0 15px 0; font-weight: bold; clear: both; display: block; width: 100%; float: none; position: static;\">SZYBKI I PROSTY MONTA\u017b!<\/h3>\n<\/div>\n<\/div>\n<\/div>\n<div style=\"clear: both; display: block; margin: 10px 0;\">\n<div style=\"clear: both; display: block; margin: 10px 0;\">\n<div style=\"clear: both; display: block; margin: 10px 0;\">\n<div  style=\"max-width:2560px;max-height:1920px\">\n<div style=\"clear: both; display: block; margin: 10px 0;\">\n<div style=\"clear: both; width: 100%; display: block; margin: 20px 0; padding: 0; float: none; position: static; text-align: center;\"><img decoding=\"async\"  src=\"https:\/\/a.allegroimg.com\/original\/1145da\/69501f814fd1a39edb42cf58ca4c\/Grill-ogrodowy-weglowy-Glebokosc-grilla-32-cm\" srcset=\"https:\/\/a.allegroimg.com\/original\/1145da\/69501f814fd1a39edb42cf58ca4c\/Grill-ogrodowy-weglowy-Glebokosc-grilla-32-cm 360w,https:\/\/a.allegroimg.com\/original\/1145da\/69501f814fd1a39edb42cf58ca4c\/Grill-ogrodowy-weglowy-Glebokosc-grilla-32-cm 720w,https:\/\/a.allegroimg.com\/original\/1145da\/69501f814fd1a39edb42cf58ca4c\/Grill-ogrodowy-weglowy-Glebokosc-grilla-32-cm 1024w,https:\/\/a.allegroimg.com\/original\/1145da\/69501f814fd1a39edb42cf58ca4c\/Grill-ogrodowy-weglowy-Glebokosc-grilla-32-cm 1440w,https:\/\/a.allegroimg.com\/original\/1145da\/69501f814fd1a39edb42cf58ca4c\/Grill-ogrodowy-weglowy-Glebokosc-grilla-32-cm 2560w\" sizes=\"100vw\" width=\"2560px\" alt=\"Grill ogrodowy w\u0119glowy G\u0142\u0119boko\u015b\u0107 grilla 32 cm\" style=\"max-width: 100%; height: auto; display: block; margin: 0 auto;\"><\/div>\n<\/div>\n<\/div>\n<\/div>\n<\/div>\n<\/div>\n<div style=\"clear: both; display: block; margin: 10px 0;\">\n<div style=\"clear: both; display: block; margin: 10px 0;\">\n<div style=\"clear: both; display: block; margin: 10px 0;\">\n<div  style=\"max-width:1920px;max-height:2560px\">\n<div style=\"clear: both; display: block; margin: 10px 0;\">\n<div style=\"clear: both; width: 100%; display: block; margin: 20px 0; padding: 0; float: none; position: static; text-align: center;\"><img decoding=\"async\"  src=\"https:\/\/a.allegroimg.com\/original\/11295a\/68861d7843049df651d0ce4bd8a6\/Grill-ogrodowy-weglowy-Typ-przenosny\" srcset=\"https:\/\/a.allegroimg.com\/original\/11295a\/68861d7843049df651d0ce4bd8a6\/Grill-ogrodowy-weglowy-Typ-przenosny 270w,https:\/\/a.allegroimg.com\/original\/11295a\/68861d7843049df651d0ce4bd8a6\/Grill-ogrodowy-weglowy-Typ-przenosny 540w,https:\/\/a.allegroimg.com\/original\/11295a\/68861d7843049df651d0ce4bd8a6\/Grill-ogrodowy-weglowy-Typ-przenosny 768w,https:\/\/a.allegroimg.com\/original\/11295a\/68861d7843049df651d0ce4bd8a6\/Grill-ogrodowy-weglowy-Typ-przenosny 1080w,https:\/\/a.allegroimg.com\/original\/11295a\/68861d7843049df651d0ce4bd8a6\/Grill-ogrodowy-weglowy-Typ-przenosny 1920w\" sizes=\"(min-width: 1200px) 560px, (min-width: 992px) 50vw, 100vw\" width=\"1920px\" alt=\"Grill ogrodowy w\u0119glowy Typ przeno\u015bny\" style=\"max-width: 100%; height: auto; display: block; margin: 0 auto;\"><\/div>\n<\/div>\n<\/div>\n<\/div>\n<\/div>\n<div style=\"clear: both; display: block; margin: 10px 0;\">\n<div style=\"clear: both; display: block; margin: 10px 0;\">\n<div  style=\"max-width:2560px;max-height:1920px\">\n<div style=\"clear: both; display: block; margin: 10px 0;\">\n<div style=\"clear: both; width: 100%; display: block; margin: 20px 0; padding: 0; float: none; position: static; text-align: center;\"><img decoding=\"async\"  src=\"https:\/\/a.allegroimg.com\/original\/11b243\/59841a304ca685807dc36b26c6c4\/Grill-ogrodowy-weglowy-Szerokosc-rusztu-60-cm\" srcset=\"https:\/\/a.allegroimg.com\/original\/11b243\/59841a304ca685807dc36b26c6c4\/Grill-ogrodowy-weglowy-Szerokosc-rusztu-60-cm 360w,https:\/\/a.allegroimg.com\/original\/11b243\/59841a304ca685807dc36b26c6c4\/Grill-ogrodowy-weglowy-Szerokosc-rusztu-60-cm 720w,https:\/\/a.allegroimg.com\/original\/11b243\/59841a304ca685807dc36b26c6c4\/Grill-ogrodowy-weglowy-Szerokosc-rusztu-60-cm 1024w,https:\/\/a.allegroimg.com\/original\/11b243\/59841a304ca685807dc36b26c6c4\/Grill-ogrodowy-weglowy-Szerokosc-rusztu-60-cm 1440w,https:\/\/a.allegroimg.com\/original\/11b243\/59841a304ca685807dc36b26c6c4\/Grill-ogrodowy-weglowy-Szerokosc-rusztu-60-cm 2560w\" sizes=\"(min-width: 1200px) 560px, (min-width: 992px) 50vw, 100vw\" width=\"2560px\" alt=\"Grill ogrodowy w\u0119glowy Szeroko\u015b\u0107 rusztu 60 cm\" style=\"max-width: 100%; height: auto; display: block; margin: 0 auto;\"><\/div>\n<\/div>\n<\/div>\n<\/div>\n<\/div>\n<\/div>\n<\/div>\n<\/div>\n<\/div>\n<div style=\"clear: both; display: block; margin: 10px 0;\">\n","protected":false},"excerpt":{"rendered":"<p>Grill ogrodowy prostok\u0105tny, przeno\u015bny<\/p>\n<p>Solidnie wykonany grill ogrodowy z pokryw\u0105 i dodatkow\u0105 wk\u0142adk\u0105 z metalu<\/p>\n<p>Charakterystyka produktu:<\/p>\n<p>Wykonany z wysokiej jako\u015bci blachy o grubo\u015bci 1,5mm<\/p>\n<p>Wk\u0142adka w palenisku zapewniaj\u0105ca izolacj\u0119 w\u0119gla drzewnego od lakierowanej powierzchni<\/p>\n<p>Pomalowany farb\u0105 \u017caroodporn\u0105 do 600 stopni<\/p>\n<p>Ruszt chromowany wykonany z drutu Fi6 &#8211; czterostopniowa regulacja wysoko\u015bci<\/p>\n<p>P\u00f3\u0142ka umieszczona w dolnej cz\u0119\u015bci grilla zapewnia miejsce do przechowywania akcesori\u00f3w<\/p>\n","protected":false},"featured_media":15210,"template":"","meta":{"_uag_custom_page_level_css":""},"product_brand":[],"product_cat":[796,795,541],"product_tag":[],"class_list":{"0":"post-15209","1":"product","2":"type-product","3":"status-publish","4":"has-post-thumbnail","6":"product_cat-grille-weglowe","7":"product_cat-grillowanie","8":"product_cat-ogrod","10":"first","11":"instock","12":"sale","13":"shipping-taxable","14":"purchasable","15":"product-type-simple"},"uagb_featured_image_src":{"full":["https:\/\/24gardenbox.shop\/grill\/wp-content\/uploads\/2026\/03\/allegro-image-15209.jpg",433,577,false],"thumbnail":["https:\/\/24gardenbox.shop\/grill\/wp-content\/uploads\/2026\/03\/allegro-image-15209-150x150.jpg",150,150,true],"medium":["https:\/\/24gardenbox.shop\/grill\/wp-content\/uploads\/2026\/03\/allegro-image-15209-225x300.jpg",225,300,true],"medium_large":["https:\/\/24gardenbox.shop\/grill\/wp-content\/uploads\/2026\/03\/allegro-image-15209.jpg",433,577,false],"large":["https:\/\/24gardenbox.shop\/grill\/wp-content\/uploads\/2026\/03\/allegro-image-15209.jpg",433,577,false],"1536x1536":["https:\/\/24gardenbox.shop\/grill\/wp-content\/uploads\/2026\/03\/allegro-image-15209.jpg",433,577,false],"2048x2048":["https:\/\/24gardenbox.shop\/grill\/wp-content\/uploads\/2026\/03\/allegro-image-15209.jpg",433,577,false],"woocommerce_thumbnail":["https:\/\/24gardenbox.shop\/grill\/wp-content\/uploads\/2026\/03\/allegro-image-15209-300x300.jpg",300,300,true],"woocommerce_single":["https:\/\/24gardenbox.shop\/grill\/wp-content\/uploads\/2026\/03\/allegro-image-15209.jpg",433,577,false],"woocommerce_gallery_thumbnail":["https:\/\/24gardenbox.shop\/grill\/wp-content\/uploads\/2026\/03\/allegro-image-15209-100x100.jpg",100,100,true]},"uagb_author_info":{"display_name":"admin","author_link":"https:\/\/24gardenbox.shop\/grill\/author\/"},"uagb_comment_info":0,"uagb_excerpt":"Grill ogrodowy prostok\u0105tny, przeno\u015bny Solidnie wykonany grill ogrodowy z pokryw\u0105 i dodatkow\u0105 wk\u0142adk\u0105 z metalu Charakterystyka produktu: Wykonany z wysokiej jako\u015bci blachy o grubo\u015bci 1,5mm Wk\u0142adka w palenisku zapewniaj\u0105ca izolacj\u0119 w\u0119gla drzewnego od lakierowanej powierzchni Pomalowany farb\u0105 \u017caroodporn\u0105 do 600 stopni Ruszt chromowany wykonany z drutu Fi6 - czterostopniowa regulacja wysoko\u015bci P\u00f3\u0142ka umieszczona w dolnej&hellip;","_links":{"self":[{"href":"https:\/\/24gardenbox.shop\/grill\/wp-json\/wp\/v2\/product\/15209","targetHints":{"allow":["GET"]}}],"collection":[{"href":"https:\/\/24gardenbox.shop\/grill\/wp-json\/wp\/v2\/product"}],"about":[{"href":"https:\/\/24gardenbox.shop\/grill\/wp-json\/wp\/v2\/types\/product"}],"wp:featuredmedia":[{"embeddable":true,"href":"https:\/\/24gardenbox.shop\/grill\/wp-json\/wp\/v2\/media\/15210"}],"wp:attachment":[{"href":"https:\/\/24gardenbox.shop\/grill\/wp-json\/wp\/v2\/media?parent=15209"}],"wp:term":[{"taxonomy":"product_brand","embeddable":true,"href":"https:\/\/24gardenbox.shop\/grill\/wp-json\/wp\/v2\/product_brand?post=15209"},{"taxonomy":"product_cat","embeddable":true,"href":"https:\/\/24gardenbox.shop\/grill\/wp-json\/wp\/v2\/product_cat?post=15209"},{"taxonomy":"product_tag","embeddable":true,"href":"https:\/\/24gardenbox.shop\/grill\/wp-json\/wp\/v2\/product_tag?post=15209"}],"curies":[{"name":"wp","href":"https:\/\/api.w.org\/{rel}","templated":true}]}}